{"id":367,"date":"2015-05-19T20:54:04","date_gmt":"2015-05-19T20:54:04","guid":{"rendered":"http:\/\/164.77.116.3\/lfiacportal\/?page_id=367"},"modified":"2015-09-22T18:24:35","modified_gmt":"2015-09-22T18:24:35","slug":"gastronomia-solar","status":"publish","type":"page","link":"https:\/\/dev-andacolloconecta.lfi.cl\/index.php\/turismo\/gastronomia-solar\/","title":{"rendered":"Gastronom\u00eda Solar"},"content":{"rendered":"<p style=\"text-align: justify;\">El cielo de <strong>Andacollo<\/strong> se caracteriza por estar despejado la mayor parte del a\u00f1o, situaci\u00f3n que es aprovechada por los andacollinos. Hornos solares, ba\u00f1os secos, hasta carritos de completos.<\/p>\n<p style=\"text-align: justify;\"><!--more-->Funcionan con esta fuente energ\u00e9tica.<br \/>\nEl cabrito a la cacerola, las empanadas, el pan, la cazuela de ave y de vacuno, son las recetas preferidas para degustar en esta zona.<\/p>\n<p>Conoce m\u00e1s ac\u00e1:\u00a0<a href=\"http:\/\/www.quepasamineria.cl\" target=\"_blank\">www.quepasamineria.cl<\/a><\/p>\n","protected":false},"excerpt":{"rendered":"<p>El cielo de Andacollo se caracteriza por estar despejado la mayor parte del a\u00f1o, situaci\u00f3n que es aprovechada por los andacollinos. Hornos solares, ba\u00f1os secos, hasta carritos de completos.<\/p>\n","protected":false},"author":3,"featured_media":0,"parent":51,"menu_order":7,"comment_status":"open","ping_status":"open","template":"page-single-turismo.php","meta":{"_acf_changed":false,"footnotes":""},"acf":[],"aioseo_notices":[],"_links":{"self":[{"href":"https:\/\/dev-andacolloconecta.lfi.cl\/index.php\/wp-json\/wp\/v2\/pages\/367"}],"collection":[{"href":"https:\/\/dev-andacolloconecta.lfi.cl\/index.php\/wp-json\/wp\/v2\/pages"}],"about":[{"href":"https:\/\/dev-andacolloconecta.lfi.cl\/index.php\/wp-json\/wp\/v2\/types\/page"}],"author":[{"embeddable":true,"href":"https:\/\/dev-andacolloconecta.lfi.cl\/index.php\/wp-json\/wp\/v2\/users\/3"}],"replies":[{"embeddable":true,"href":"https:\/\/dev-andacolloconecta.lfi.cl\/index.php\/wp-json\/wp\/v2\/comments?post=367"}],"version-history":[{"count":10,"href":"https:\/\/dev-andacolloconecta.lfi.cl\/index.php\/wp-json\/wp\/v2\/pages\/367\/revisions"}],"predecessor-version":[{"id":929,"href":"https:\/\/dev-andacolloconecta.lfi.cl\/index.php\/wp-json\/wp\/v2\/pages\/367\/revisions\/929"}],"up":[{"embeddable":true,"href":"https:\/\/dev-andacolloconecta.lfi.cl\/index.php\/wp-json\/wp\/v2\/pages\/51"}],"wp:attachment":[{"href":"https:\/\/dev-andacolloconecta.lfi.cl\/index.php\/wp-json\/wp\/v2\/media?parent=367"}],"curies":[{"name":"wp","href":"https:\/\/api.w.org\/{rel}","templated":true}]}}