{"id":177,"date":"2015-05-12T04:13:32","date_gmt":"2015-05-12T04:13:32","guid":{"rendered":"http:\/\/164.77.116.3\/lfiacportal\/?page_id=177"},"modified":"2015-09-22T14:47:10","modified_gmt":"2015-09-22T14:47:10","slug":"proyectos-comunitarios","status":"publish","type":"page","link":"https:\/\/dev-andacolloconecta.lfi.cl\/index.php\/comunidad\/proyectos-comunitarios\/","title":{"rendered":"Proyectos comunitarios"},"content":{"rendered":"<p style=\"text-align: justify;\"><strong>Organizaciones sociales se unen por el futuro de Andacollo<\/strong><br \/>\nUn paso in\u00e9dito para el desarrollo de la comuna realizaron distintas organizaciones sociales de Andacollo, con miras a constituir una instancia que permita el acuerdo de iniciativas de alto impacto social.<\/p>\n<p><!--more--><\/p>\n<p style=\"text-align: justify;\">Acordar proyectos que apunten al desarrollo integral de Andacollo, fue el objetivo de la firma de acuerdo sostenida el 5 de marzo de 2015, por 38 organizaciones de la comuna, instancia materializada tras un proceso de trabajo permanente entre distintos representantes de la comuna.<br \/>\nLuego de los hechos ocurridos a fines del primer semestre de 2014, cuando parte de la comunidad realiz\u00f3 una manifestaci\u00f3n por las mineras presentes en la comuna, se inici\u00f3 un proceso de di\u00e1logo con los principales representantes de este movimiento.<\/p>\n<p style=\"text-align: justify;\">De esta manera, este a\u00f1o entre Teck Carmen de Andacollo, el municipio local y representantes de distintos sectores de la comuna se determin\u00f3 que los recursos destinados por la minera para inversi\u00f3n comunitaria se pondr\u00edan a disposici\u00f3n para elegir, en conjunto, cu\u00e1les son las principales iniciativas de desarrollo para la comuna.<\/p>\n<p style=\"text-align: justify;\">En el marco de esta alianza p\u00fablico \u2013 privada, se sostienen reuniones programadas de trabajo en la que se est\u00e1n definiendo los mecanismos necesarios para aportar con iniciativas de alto impacto para Andacollo. Paralelamente, se siguen materializando proyectos comprometidos del a\u00f1o pasado y de aquellos que los integrantes de este acuerdo consideran como de mayor importancia y prioridad para la comuna.<\/p>\n<p style=\"text-align: justify;\">De hecho, el objetivo en el corto plazo es la constituci\u00f3n de una instancia que contin\u00fae congregando a m\u00e1s representantes de Andacollo. Estas organizaciones pueden incorporarse, conocer y participar en las pr\u00f3ximas acciones.<\/p>\n","protected":false},"excerpt":{"rendered":"<p>Organizaciones sociales se unen por el futuro de Andacollo Un paso in\u00e9dito para el desarrollo de la comuna realizaron distintas organizaciones sociales de Andacollo, con miras a constituir una instancia que permita el acuerdo de iniciativas de alto impacto social.<\/p>\n","protected":false},"author":4,"featured_media":0,"parent":75,"menu_order":4,"comment_status":"open","ping_status":"open","template":"page-single-comunidad.php","meta":{"_acf_changed":false,"footnotes":""},"acf":[],"aioseo_notices":[],"_links":{"self":[{"href":"https:\/\/dev-andacolloconecta.lfi.cl\/index.php\/wp-json\/wp\/v2\/pages\/177"}],"collection":[{"href":"https:\/\/dev-andacolloconecta.lfi.cl\/index.php\/wp-json\/wp\/v2\/pages"}],"about":[{"href":"https:\/\/dev-andacolloconecta.lfi.cl\/index.php\/wp-json\/wp\/v2\/types\/page"}],"author":[{"embeddable":true,"href":"https:\/\/dev-andacolloconecta.lfi.cl\/index.php\/wp-json\/wp\/v2\/users\/4"}],"replies":[{"embeddable":true,"href":"https:\/\/dev-andacolloconecta.lfi.cl\/index.php\/wp-json\/wp\/v2\/comments?post=177"}],"version-history":[{"count":12,"href":"https:\/\/dev-andacolloconecta.lfi.cl\/index.php\/wp-json\/wp\/v2\/pages\/177\/revisions"}],"predecessor-version":[{"id":879,"href":"https:\/\/dev-andacolloconecta.lfi.cl\/index.php\/wp-json\/wp\/v2\/pages\/177\/revisions\/879"}],"up":[{"embeddable":true,"href":"https:\/\/dev-andacolloconecta.lfi.cl\/index.php\/wp-json\/wp\/v2\/pages\/75"}],"wp:attachment":[{"href":"https:\/\/dev-andacolloconecta.lfi.cl\/index.php\/wp-json\/wp\/v2\/media?parent=177"}],"curies":[{"name":"wp","href":"https:\/\/api.w.org\/{rel}","templated":true}]}}